{"id":421,"date":"2016-03-08T16:38:45","date_gmt":"2016-03-08T16:38:45","guid":{"rendered":"http:\/\/demowp.cththemes.net\/monolit\/?page_id=421"},"modified":"2022-03-28T13:31:55","modified_gmt":"2022-03-28T13:31:55","slug":"one-page-image","status":"publish","type":"page","link":"https:\/\/arthitectbau.hu\/","title":{"rendered":"Arthitectbau \u00e9p\u00edt\u00e9sz iroda"},"content":{"rendered":"<p>[vc_row full_width=&#8221;stretch_row&#8221; cth_layout=&#8221;monolit_fullheight_sec&#8221; use_constellation=&#8221;yes&#8221; el_id=&#8221;sec1&#8243; css=&#8221;.vc_custom_1605874887889{background-color: #333333 !important;}&#8221;][vc_column][monolit_home_image scroll_link=&#8221;&#8221;]<\/p>\n<h1 style=\"font-size: 42px; color: white;\">Arthitectbau<\/h1>\n<h3 style=\"font-size: 21px; letter-spacing: 7px;\">\u00e9p\u00edt\u00e9sz iroda<\/h3>\n<p>[\/monolit_home_image][\/vc_column][\/vc_row][vc_row cth_layout=&#8221;monolit_page_sec&#8221; sec_number=&#8221;01&#8243; el_id=&#8221;sec2&#8243;][vc_column offset=&#8221;vc_col-md-4&#8243;][vc_single_image image=&#8221;653&#8243; img_size=&#8221;full&#8221; css=&#8221;.vc_custom_1605875628213{padding-right: 20% !important;}&#8221;][\/vc_column][vc_column offset=&#8221;vc_col-md-8&#8243;][vc_column_text]<\/p>\n<h2 class=\"section-title\">\u00dcdv\u00f6z\u00f6lj\u00fck, mi vagyunk az <strong>Arthitectbau<\/strong><\/h2>\n<p class=\"no-rep\">Az Arthitectbau \u00e9p\u00edt\u00e9sz iroda 2013-ban alakult alkot\u00f3k\u00f6z\u00f6ss\u00e9g, de munkat\u00e1rsai m\u00e1r \u00e9vtizedes tapasztalatokkal \u00e9s gyakorlattal rendelkeznek a tervez\u00e9si munk\u00e1k v\u00e9gz\u00e9s\u00e9ben. \u00c9p\u00fcletek hossz\u00fa sora jelzi az elm\u00falt id\u0151szak \u00e9p\u00edt\u00e9szeti tev\u00e9kenys\u00e9g\u00e9t, melyek k\u00f6z\u00fcl j\u00f3n\u00e9h\u00e1ny meghat\u00e1roz\u00f3, emblematikus elem\u00e9v\u00e9, igazod\u00e1si pontj\u00e1v\u00e1 v\u00e1lt sz\u0171kebb k\u00f6rnyezet\u00e9nek.<\/p>\n<p class=\"no-rep\">Valljuk, hogy az \u00e9p\u00edt\u00e9sz, az \u00e9p\u00edt\u00e9szet c\u00e9lja az \u00e9lhet\u0151 k\u00f6rnyezet megteremt\u00e9se a gondolatok \u00e9s a kreativit\u00e1s erej\u00e9vel. Egy-egy \u00e9p\u00fclet megtervez\u00e9se sz\u00e1munkra nem csak egy megoldand\u00f3 feladatot, hanem mag\u00e1t az \u00e9p\u00edt\u00e9szeti alkot\u00e1st, az \u00f6sszetett m\u00e9rn\u00f6ki munk\u00e1t jelenti.<\/p>\n<p class=\"no-rep\">Egy min\u0151s\u00e9gi \u00e9p\u00fclet megsz\u00fclet\u00e9s\u00e9nek els\u0151 alkot\u00f3i f\u00e1zisa a feladat megfogalmaz\u00e1sa. A min\u0151s\u00e9g l\u00e9trej\u00f6tt\u00e9nek alapfelt\u00e9tele pedig egyfajta k\u00f6lcs\u00f6n\u00f6s bizalom a megb\u00edz\u00f3 \u00e9s a tervez\u0151 k\u00f6z\u00f6tt. Megb\u00edz\u00f3ink r\u00e9sz\u00e9re ezek szellem\u00e9ben k\u00e9sz\u00edt\u00fcnk beruh\u00e1z\u00e1saik el\u0151k\u00e9sz\u00edt\u00e9s\u00e9hez programterveket, megval\u00f3s\u00edt\u00e1sukhoz pedig enged\u00e9lyez\u00e9si \u00e9s kiviteli terveket.<\/p>\n<p class=\"no-rep\">Nagy jelent\u0151s\u00e9g\u0171ek sz\u00e1munkra azok a megb\u00edz\u00e1sok, amelyeket kor\u00e1bbi megrendel\u0151inkt\u0151l, vagy az \u0151 aj\u00e1nl\u00e1saik alapj\u00e1n kapunk, mert ez azt jelzi, hogy megb\u00edz\u00f3ink szerint az \u00e1ltalunk k\u00e9pviselt min\u0151s\u00e9g megfelelt elv\u00e1r\u00e1saiknak, b\u00edznak szaktud\u00e1sunkban \u00e9s elhivatotts\u00e1gunkban.<\/p>\n<div style=\"margin-top: 20px;\"><a class=\"btn anim-button fl-l\" href=\"\/index.php\/munkaink\"><span class=\"no-rep\">Tekintse meg projektjeinket!<\/span><i class=\"fa fa-long-arrow-right\"><\/i><\/a><\/div>\n<p>[\/vc_column_text][\/vc_column][\/vc_row][vc_row cth_layout=&#8221;monolit_page_dark_sec&#8221; parallax_inner_op=&#8221;0.8&#8243; sec_number=&#8221;02&#8243; sec_number_pos=&#8221;left&#8221; parallax_inner=&#8221;600&#8243; el_id=&#8221;sec3&#8243;][vc_column][vc_row_inner][vc_column_inner offset=&#8221;vc_col-md-3&#8243;][vc_column_text]<\/p>\n<h2 class=\"section-title\">T\u00e9nyek \u00e9s<strong> \u00c9rdekess\u00e9gek<\/strong><\/h2>\n<p>[\/vc_column_text][\/vc_column_inner][vc_column_inner el_class=&#8221;inline-facts-holder row&#8221; offset=&#8221;vc_col-md-9&#8243;][cth_counter number=&#8221;24&#8243; el_class=&#8221;col-md-3&#8243; parallax_value=&#8221;30&#8243;]<\/p>\n<h6>\u00e9v szakmai tapasztalat<\/h6>\n<p>[\/cth_counter][cth_counter number=&#8221;1432&#8243; el_class=&#8221;col-md-3&#8243; parallax_value=&#8221;60&#8243;]<\/p>\n<h6>befejezett projekt<\/h6>\n<p>[\/cth_counter][cth_counter number=&#8221;816&#8243; el_class=&#8221;col-md-3&#8243; parallax_value=&#8221;90&#8243;]<\/p>\n<h6>el\u00e9gedett \u00fcgyf\u00e9l<\/h6>\n<p>[\/cth_counter][cth_counter number=&#8221;432&#8243; el_class=&#8221;col-md-3&#8243; parallax_value=&#8221;120&#8243;]<\/p>\n<h6>cs\u00e9sze k\u00e1v\u00e9 havonta<\/h6>\n<p>[\/cth_counter][\/vc_column_inner][\/vc_row_inner][\/vc_column][\/vc_row][vc_row cth_layout=&#8221;monolit_page_sec&#8221; sec_number=&#8221;03&#8243; el_id=&#8221;sec4&#8243;][vc_column][vc_column_text]<\/p>\n<h2 class=\"section-title algn-right dec-title\"><span class=\"no-rep\">Legfrissebb <strong> munk\u00e1ink<\/strong><\/span><\/h2>\n<p>[\/vc_column_text][monolit_portfolios_parallax posts_per_page=&#8221;3&#8243; show_date=&#8221;no&#8221; view_all_link=&#8221;\/index.php\/munkaink\/&#8221;][\/vc_column][\/vc_row][vc_row content_placement=&#8221;middle&#8221; cth_layout=&#8221;monolit_page_dark_sec&#8221; parallax_inner_op=&#8221;0.8&#8243; sec_number=&#8221;04&#8243; sec_number_pos=&#8221;left&#8221; parallax_inner=&#8221;600&#8243; el_id=&#8221;sec5&#8243;][vc_column][vc_row_inner content_placement=&#8221;middle&#8221;][vc_column_inner offset=&#8221;vc_col-md-4&#8243;][vc_column_text]<\/p>\n<h2 class=\"section-title\">Szakmai<strong> tapasztalat<\/strong><\/h2>\n<p>[\/vc_column_text][\/vc_column_inner][vc_column_inner offset=&#8221;vc_col-md-8&#8243;][monolit_piechart values=&#8221;%5B%7B%22description%22%3A%22%3Ch4%3Egener%C3%A1l%20tervez%C3%A9s%3C%2Fh4%3E%22%2C%22value%22%3A%2299%22%2C%22pie_unit%22%3A%22%2024%20%C3%A9v%22%2C%22parallax_value%22%3A%220%22%2C%22pie_width%22%3A%22col-md-4%22%7D%2C%7B%22description%22%3A%22%3Ch4%3Em%C5%B1szaki%20ellen%C5%91rz%C3%A9s%3C%2Fh4%3E%22%2C%22value%22%3A%2241%22%2C%22pie_unit%22%3A%2210%20%C3%A9v%22%2C%22parallax_value%22%3A%2280%22%2C%22pie_width%22%3A%22col-md-4%22%7D%2C%7B%22description%22%3A%22%3Ch4%3EBIM%20alap%C3%BA%20tervez%C3%A9s%3C%2Fh4%3E%22%2C%22value%22%3A%2229%22%2C%22pie_unit%22%3A%227%20%C3%A9v%22%2C%22parallax_value%22%3A%22100%22%2C%22pie_width%22%3A%22col-md-4%22%7D%5D&#8221; pie_color=&#8221;rgba(255,255,255,0.31)&#8221; color=&#8221;rgba(255,255,255,0.31)&#8221;][\/vc_column_inner][\/vc_row_inner][\/vc_column][\/vc_row][vc_row content_placement=&#8221;middle&#8221; cth_layout=&#8221;monolit_page_dark_sec&#8221; sec_number=&#8221;05&#8243; el_id=&#8221;sec7&#8243; css=&#8221;.vc_custom_1618412675019{background-color: #707070 !important;}&#8221;][vc_column offset=&#8221;vc_col-md-4&#8243;][vc_column_text]<\/p>\n<h2 class=\"section-title\">Gondolatok \u00e9s <strong>jegyzetek <\/strong><\/h2>\n<p>[\/vc_column_text][\/vc_column][vc_column offset=&#8221;vc_col-md-8&#8243;][monolit_testimonials count=&#8221;&#8221; order=&#8221;ASC&#8221; smartspeed=&#8221;500&#8243; autoplay=&#8221;yes&#8221; autoplaytimeout=&#8221;3000&#8243; autoplayspeed=&#8221;500&#8243;][\/vc_column][\/vc_row][vc_row cth_layout=&#8221;monolit_page_sec&#8221; el_id=&#8221;sec8&#8243;][vc_column offset=&#8221;vc_col-md-8&#8243;][vc_column_text]<\/p>\n<h2 class=\"section-title\">Amivel <strong>foglalkozunk <\/strong><\/h2>\n<p>C\u00e9g\u00fcnk alapvet\u0151 szeml\u00e9lete a kreativit\u00e1s, a megb\u00edzhat\u00f3s\u00e1g, a precizit\u00e1s \u00e9s a pontoss\u00e1g. Mindig \u00e9s minden esetben, f\u00fcggetlen\u00fcl a tervezend\u0151 \u00e9p\u00fclet nagys\u00e1g\u00e1t\u00f3l \u00e9s funkci\u00f3j\u00e1t\u00f3l \u00e9p\u00edt\u00e9szeti min\u0151s\u00e9g l\u00e9trehoz\u00e1s\u00e1ra t\u00f6reksz\u00fcnk. A r\u00e1nk b\u00edzott feladatokat magas sz\u00ednvonalon l\u00e1tjuk el, legyen sz\u00f3 ak\u00e1r a tervez\u00e9s kezdeti l\u00e9p\u00e9seir\u0151l, ak\u00e1r az \u00e9p\u00fclet megval\u00f3s\u00edt\u00e1s\u00e1ig tart\u00f3 teljes k\u00f6r\u0171 m\u00e9rn\u00f6ki szolg\u00e1ltat\u00e1sokr\u00f3l.[\/vc_column_text][\/vc_column][vc_column][monolit_services order_by=&#8221;title&#8221; order=&#8221;ASC&#8221;][\/vc_column][\/vc_row][vc_row cth_layout=&#8221;monolit_page_dark_sec&#8221; parallax_inner_op=&#8221;0.8&#8243; sec_number=&#8221;07&#8243; sec_number_pos=&#8221;left&#8221; parallax_inner=&#8221;600&#8243; el_id=&#8221;sec9&#8243;][vc_column][vc_row_inner content_placement=&#8221;top&#8221;][vc_column_inner offset=&#8221;vc_col-md-4&#8243;][vc_column_text]<\/p>\n<h2 class=\"section-title\">Akik m\u00e1r minket <strong>v\u00e1lasztottak<\/strong><\/h2>\n<p>[\/vc_column_text][\/vc_column_inner][vc_column_inner el_class=&#8221;inline-facts-holder row&#8221; offset=&#8221;vc_col-md-8&#8243;][monolit_our_partners partnerimgs=&#8221;705,693,731,698,709,697,712,707,708,710,706,704,703,1117,700,699,695,732,1116,691,692,730,689,685,684,686,687,682,683,736&#8243; columns=&#8221;six&#8221;][\/monolit_our_partners][\/vc_column_inner][\/vc_row_inner][\/vc_column][\/vc_row][vc_row cth_layout=&#8221;monolit_page_sec&#8221; sec_number=&#8221;08&#8243; sec_number_par=&#8221;-200&#8243; el_id=&#8221;sec10&#8243;][vc_column offset=&#8221;vc_col-md-8&#8243;][vc_column_text]<\/p>\n<h2 class=\"section-title\">Kapcsolat, <strong>el\u00e9rhet\u0151s\u00e9gek <\/strong><\/h2>\n<p>[\/vc_column_text][\/vc_column][vc_column][vc_column_text el_class=&#8221;filter&#8221;]<div id=\"wpgmza_map\" class=\"wpgmza_map\" data-settings='{\"id\":\"1\",\"map_title\":\"Arthitectbau\",\"map_width\":\"100\",\"map_height\":\"400\",\"map_start_lat\":\"46.608663719797676\",\"map_start_lng\":\"17.39129328981898\",\"map_start_location\":\"45.950464398418106,-109.81550500000003\",\"map_start_zoom\":\"11\",\"default_marker\":\"\",\"type\":\"0\",\"alignment\":\"4\",\"directions_enabled\":\"0\",\"styling_enabled\":\"0\",\"styling_json\":\"\",\"active\":\"0\",\"kml\":\"\",\"bicycle\":\"0\",\"traffic\":\"0\",\"dbox\":\"0\",\"dbox_width\":\"\",\"listmarkers\":\"0\",\"listmarkers_advanced\":\"0\",\"filterbycat\":\"0\",\"ugm_enabled\":\"0\",\"ugm_category_enabled\":\"0\",\"fusion\":\"\",\"map_width_type\":\"%\",\"map_height_type\":\"px\",\"mass_marker_support\":\"0\",\"ugm_access\":\"0\",\"order_markers_by\":\"0\",\"order_markers_choice\":\"0\",\"show_user_location\":\"0\",\"default_to\":\"\",\"other_settings\":{\"map_type\":1,\"sl_stroke_color\":\"\",\"sl_fill_color\":\"\",\"sl_stroke_opacity\":\"\",\"sl_fill_opacity\":\"\",\"transport_layer\":false,\"action\":\"wpgmza_save_map\",\"redirect_to\":\"\\\/wp-admin\\\/admin-post.php\",\"map_id\":\"1\",\"http_referer\":\"\\\/wp-admin\\\/admin.php?page=wp-google-maps-menu&amp;amp;override=1&amp;amp;action=edit&amp;amp;map_id=1\",\"wpgmza_id\":\"1\",\"wpgmza_start_location\":\"46.608663719797676,17.39129328981898\",\"wpgmza_start_zoom\":\"11\",\"store_locator_enabled\":false,\"store_locator_search_area\":\"radial\",\"wpgmza_store_locator_radius_style\":\"legacy\",\"wpgmza_store_locator_default_radius\":\"10\",\"store_locator_auto_area_max_zoom\":\"\",\"store_locator_distance\":false,\"wpgmza_store_locator_position\":false,\"store_locator_show_distance\":false,\"store_locator_category\":false,\"wpgmza_store_locator_use_their_location\":false,\"wpgmza_store_locator_bounce\":false,\"wpgmza_sl_animation\":null,\"wpgmza_store_locator_hide_before_search\":false,\"store_locator_query_string\":\"\",\"store_locator_default_address\":\"\",\"store_locator_name_search\":false,\"store_locator_name_string\":\"\",\"store_locator_not_found_message\":\"\",\"wpgmza_map_align\":\"1\",\"jump_to_nearest_marker_on_initialization\":false,\"automatically_pan_to_users_location\":false,\"override_users_location_zoom_level\":false,\"override_users_location_zoom_levels\":\"\",\"show_distance_from_location\":false,\"map_max_zoom\":\"21\",\"map_min_zoom\":\"0\",\"click_open_link\":false,\"fit_maps_bounds_to_markers\":false,\"fit_maps_bounds_to_markers_after_filtering\":false,\"hide_point_of_interest\":false,\"wpgmza_zoom_on_marker_click\":false,\"wpgmza_zoom_on_marker_click_slider\":\"\",\"close_infowindow_on_map_click\":false,\"disable_lightbox_images\":false,\"use_Raw_Jpeg_Coordinates\":false,\"polygon_labels\":false,\"disable_polygon_info_windows\":false,\"enable_marker_ratings\":false,\"only_load_markers_within_viewport\":false,\"iw_primary_color\":\"\",\"iw_accent_color\":\"\",\"iw_text_color\":\"\",\"wpgmza_listmarkers_by\":\"0\",\"wpgmza_marker_listing_position\":false,\"datatable_no_result_message\":\"\",\"remove_search_box_datables\":false,\"dataTable_pagination_style\":null,\"datatable_search_string\":\"\",\"datatable_result_start\":\"\",\"datatable_result_of\":\"\",\"datatable_result_to\":\"\",\"datatable_result_total\":\"\",\"datatable_result_show\":\"\",\"datatable_result_entries\":\"\",\"wpgmza_savemap\":\"Save Map \\u00bb\"}}' data-map-id='1' Data-maps-engine='open-layers' data-shortcode-attributes='{\"id\":\"1\"}' style=\"display:block; overflow:auto; width:100%; height:400px; float:left;\"><\/div>[\/vc_column_text][\/vc_column][vc_column offset=&#8221;vc_col-md-9&#8243;][vc_row_inner css=&#8221;.vc_custom_1456151205880{padding-top: 30px !important;}&#8221;][vc_column_inner offset=&#8221;vc_col-md-4&#8243;][vc_column_text]<\/p>\n<h3 class=\"bold-title\">El\u00e9rhet\u0151s\u00e9geink :<\/h3>\n<p>[\/vc_column_text][\/vc_column_inner][vc_column_inner offset=&#8221;vc_col-md-4&#8243;][vc_column_text]<\/p>\n<h4 class=\"contact-details\">Arthitectbau \u00c9p\u00edt\u00e9sz Iroda Kft.<\/h4>\n<ul class=\"contact-details\">\n<li><a href=\"https:\/\/www.google.com\/maps\/place\/Marcali,+R%C3%A1k%C3%B3czi+u.+15,+8700\/@46.5804233,17.4109234,17z\/data=!4m13!1m7!3m6!1s0x4768582732eee547:0x8144cea8ccb2a487!2zTWFyY2FsaSwgUsOha8OzY3ppIHUuIDE1LCA4NzAw!3b1!8m2!3d46.5804233!4d17.4131121!3m4!1s0x4768582732eee547:0x8144cea8ccb2a487!8m2!3d46.5804233!4d17.4131121\">8700 Marcali, R\u00e1k\u00f3czi u. 15.<\/a><\/li>\n<li><a href=\"tel:+36703850196\">+36 70 385 0196<\/a><\/li>\n<li><a href=\"mailto:arthitectbau@arthitectbau.hu\">arthitectbau@arthitectbau.hu<\/a><\/li>\n<\/ul>\n<p>[\/vc_column_text][\/vc_column_inner][vc_column_inner offset=&#8221;vc_col-md-4&#8243;][vc_column_text]<\/p>\n<h4 class=\"contact-details\">K\u00f6z\u00f6ss\u00e9gi oldalak :<\/h4>\n<ul class=\"contact-details\">\n<li><a href=\"https:\/\/www.facebook.com\/epitesziroda.arthitectbau\" target=\"_blank\" rel=\"noopener noreferrer\">Facebook \/ epitesziroda.arthitectbau<\/a><\/li>\n<li><a href=\"https:\/\/hu.pinterest.com\/arthitectbau\/\" target=\"_blank\" rel=\"noopener noreferrer\">Pinterest \/ arthitectbau <\/a><\/li>\n<\/ul>\n<p>[\/vc_column_text][\/vc_column_inner][\/vc_row_inner][vc_row_inner][vc_column_inner]<div role=\"form\" class=\"wpcf7\" id=\"wpcf7-f5-o1\" lang=\"en-US\" dir=\"ltr\">\n<div class=\"screen-reader-response\"><p role=\"status\" aria-live=\"polite\" aria-atomic=\"true\"><\/p> <ul><\/ul><\/div>\n<form action=\"\/index.php\/wp-json\/wp\/v2\/pages\/421#wpcf7-f5-o1\" method=\"post\" class=\"wpcf7-form init\" novalidate=\"novalidate\" data-status=\"init\">\n<div style=\"display: none;\">\n<input type=\"hidden\" name=\"_wpcf7\" value=\"5\" \/>\n<input type=\"hidden\" name=\"_wpcf7_version\" value=\"5.6\" \/>\n<input type=\"hidden\" name=\"_wpcf7_locale\" value=\"en_US\" \/>\n<input type=\"hidden\" name=\"_wpcf7_unit_tag\" value=\"wpcf7-f5-o1\" \/>\n<input type=\"hidden\" name=\"_wpcf7_container_post\" value=\"0\" \/>\n<input type=\"hidden\" name=\"_wpcf7_posted_data_hash\" value=\"\" \/>\n<input type=\"hidden\" name=\"_wpcf7_recaptcha_response\" value=\"\" \/>\n<\/div>\n<div class=\"contact-form-holder\">\n<div id=\"contact-form\">\n<span id=\"wpcf7-69e2d7292d639-wrapper\" class=\"wpcf7-form-control-wrap website-wrap\" style=\"display:none !important; visibility:hidden !important;\"><label for=\"wpcf7-69e2d7292d639-field\" class=\"hp-message\">Please leave this field empty.<\/label><input id=\"wpcf7-69e2d7292d639-field\"  placeholder=\"Website\"  class=\"wpcf7-form-control wpcf7-text\" type=\"text\" name=\"website\" value=\"\" size=\"40\" tabindex=\"-1\" autocomplete=\"new-password\" \/><\/span><br \/>\n<span class=\"wpcf7-form-control-wrap\" data-name=\"your-name\"><input type=\"text\" name=\"your-name\" value=\"\" size=\"40\" class=\"wpcf7-form-control wpcf7-text wpcf7-validates-as-required\" aria-required=\"true\" aria-invalid=\"false\" placeholder=\"Az \u00d6n neve\" \/><\/span><br \/>\n<span class=\"wpcf7-form-control-wrap\" data-name=\"your-email\"><input type=\"email\" name=\"your-email\" value=\"\" size=\"40\" class=\"wpcf7-form-control wpcf7-text wpcf7-email wpcf7-validates-as-required wpcf7-validates-as-email\" aria-required=\"true\" aria-invalid=\"false\" placeholder=\"E-mail c\u00edme\" \/><\/span><br \/>\n<span class=\"wpcf7-form-control-wrap\" data-name=\"your-message\"><textarea name=\"your-message\" cols=\"40\" rows=\"10\" class=\"wpcf7-form-control wpcf7-textarea wpcf7-validates-as-required\" aria-required=\"true\" aria-invalid=\"false\" placeholder=\"\u00dczenet sz\u00f6vege\"><\/textarea><\/span><br \/>\n<input type=\"submit\" value=\"\u00dczenet k\u00fcld\u00e9se\" class=\"wpcf7-form-control has-spinner wpcf7-submit\" id=\"submit\" \/>\n<\/div>\n<\/div>\n<div class=\"clearfix\"><\/div>\n<div class=\"wpcf7-response-output\" aria-hidden=\"true\"><\/div><\/form><\/div>[\/vc_column_inner][\/vc_row_inner][\/vc_column][\/vc_row]<\/p>\n","protected":false},"excerpt":{"rendered":"<p>[vc_row full_width=&#8221;stretch_row&#8221; cth_layout=&#8221;monolit_fullheight_sec&#8221; use_constellation=&#8221;yes&#8221; el_id=&#8221;sec1&#8243; css=&#8221;.vc_custom_1605874887889{background-color: #333333 !important;}&#8221;][vc_column][monolit_home_image scroll_link=&#8221;&#8221;] Arthitectbau \u00e9p\u00edt\u00e9sz iroda [\/monolit_home_image][\/vc_column][\/vc_row][vc_row cth_layout=&#8221;monolit_page_sec&#8221; sec_number=&#8221;01&#8243; el_id=&#8221;sec2&#8243;][vc_column offset=&#8221;vc_col-md-4&#8243;][vc_single_image image=&#8221;653&#8243; img_size=&#8221;full&#8221; css=&#8221;.vc_custom_1605875628213{padding-right: 20% !important;}&#8221;][\/vc_column][vc_column offset=&#8221;vc_col-md-8&#8243;][vc_column_text] \u00dcdv\u00f6z\u00f6lj\u00fck, mi vagyunk az Arthitectbau Az Arthitectbau \u00e9p\u00edt\u00e9sz iroda 2013-ban alakult alkot\u00f3k\u00f6z\u00f6ss\u00e9g, de munkat\u00e1rsai m\u00e1r \u00e9vtizedes tapasztalatokkal \u00e9s gyakorlattal rendelkeznek a tervez\u00e9si munk\u00e1k v\u00e9gz\u00e9s\u00e9ben. \u00c9p\u00fcletek hossz\u00fa sora jelzi az elm\u00falt id\u0151szak \u00e9p\u00edt\u00e9szeti [&hellip;]<\/p>\n","protected":false},"author":1,"featured_media":0,"parent":0,"menu_order":0,"comment_status":"closed","ping_status":"closed","template":"homepage-onepage.php","meta":[],"_links":{"self":[{"href":"https:\/\/arthitectbau.hu\/index.php\/wp-json\/wp\/v2\/pages\/421"}],"collection":[{"href":"https:\/\/arthitectbau.hu\/index.php\/wp-json\/wp\/v2\/pages"}],"about":[{"href":"https:\/\/arthitectbau.hu\/index.php\/wp-json\/wp\/v2\/types\/page"}],"author":[{"embeddable":true,"href":"https:\/\/arthitectbau.hu\/index.php\/wp-json\/wp\/v2\/users\/1"}],"replies":[{"embeddable":true,"href":"https:\/\/arthitectbau.hu\/index.php\/wp-json\/wp\/v2\/comments?post=421"}],"version-history":[{"count":128,"href":"https:\/\/arthitectbau.hu\/index.php\/wp-json\/wp\/v2\/pages\/421\/revisions"}],"predecessor-version":[{"id":1118,"href":"https:\/\/arthitectbau.hu\/index.php\/wp-json\/wp\/v2\/pages\/421\/revisions\/1118"}],"wp:attachment":[{"href":"https:\/\/arthitectbau.hu\/index.php\/wp-json\/wp\/v2\/media?parent=421"}],"curies":[{"name":"wp","href":"https:\/\/api.w.org\/{rel}","templated":true}]}}